{"id":1851,"date":"2021-12-07T09:58:32","date_gmt":"2021-12-07T08:58:32","guid":{"rendered":"https:\/\/bsa.as\/?page_id=1851"},"modified":"2023-06-05T08:55:51","modified_gmt":"2023-06-05T06:55:51","slug":"certifications","status":"publish","type":"page","link":"https:\/\/bsa.as\/nb\/certifications\/","title":{"rendered":"Sertifiseringer"},"content":{"rendered":"<div class=\"wp-block-cover alignfull\"><span aria-hidden=\"true\" class=\"wp-block-cover__background has-background-dim\"><\/span><img loading=\"lazy\" width=\"1772\" height=\"1183\" class=\"wp-block-cover__image-background wp-image-1960\" alt=\"\" src=\"https:\/\/bsa.as\/wp-content\/uploads\/2021\/12\/DSC_83361.jpg\" style=\"object-position:49% 58%\" data-object-fit=\"cover\" data-object-position=\"49% 58%\" srcset=\"https:\/\/bsa.as\/wp-content\/uploads\/2021\/12\/DSC_83361.jpg 1772w, https:\/\/bsa.as\/wp-content\/uploads\/2021\/12\/DSC_83361-300x200.jpg 300w, https:\/\/bsa.as\/wp-content\/uploads\/2021\/12\/DSC_83361-1024x684.jpg 1024w, https:\/\/bsa.as\/wp-content\/uploads\/2021\/12\/DSC_83361-768x513.jpg 768w, https:\/\/bsa.as\/wp-content\/uploads\/2021\/12\/DSC_83361-1536x1025.jpg 1536w\" sizes=\"(max-width: 1772px) 100vw, 1772px\"><div class=\"wp-block-cover__inner-container\">\n<h1 class=\"has-text-align-center hero-title has-white-color has-text-color\" id=\"certifications\" style=\"font-size:70px;font-style:normal;font-weight:600;text-transform:uppercase\">Sertifiseringer<\/h1>\n<\/div><\/div>\n\n\n\n<div style=\"height:70px\" aria-hidden=\"true\" class=\"wp-block-spacer\"><\/div>\n\n\n\n<div class=\"wp-container-3 wp-block-columns\">\n<div class=\"wp-container-2 wp-block-column\" style=\"flex-basis:66.66%\">\n<p style=\"font-size:14px;font-style:normal;font-weight:100;text-transform:uppercase\">Sikkerhet f\u00f8rst<\/p>\n\n\n\n<p class=\"has-medium-font-size\" style=\"font-style:normal;font-weight:600\">BSA Offshore er et ungt dynamisk selskap som er forpliktet til \u00e5 bygge videre p\u00e5 en allerede etablert rekord for \u00e5 levere kundeservice av h\u00f8y kvalitet. Vi tror at sikkerhet er en integrert del av kvalitet.<\/p>\n\n\n\n<div class=\"wp-container-1 wp-block-buttons\">\n<div class=\"wp-block-button\"><a class=\"wp-block-button__link wp-element-button\" href=\"https:\/\/bsa.as\/nb\/services\/\">Tjenester<\/a><\/div>\n<\/div>\n<\/div>\n<\/div>\n\n\n\n<div style=\"height:70px\" aria-hidden=\"true\" class=\"wp-block-spacer\"><\/div>\n\n\n\n<div class=\"wp-container-7 wp-block-columns alignfull has-white-color has-text-color has-background\" style=\"background-color:#3a3a3a\">\n<div class=\"wp-container-4 wp-block-column\">\n<div style=\"height:20px\" aria-hidden=\"true\" class=\"wp-block-spacer\"><\/div>\n\n\n\n<div class=\"wp-block-stackable-icon stk-block-icon has-text-align-center stk-block stk-a0341fa\" data-block-id=\"a0341fa\"><style>.stk-a0341fa .stk--svg-wrapper .stk--inner-svg svg:last-child{height:50px !important;width:50px !important}.stk-a0341fa .stk--svg-wrapper .stk--inner-svg svg:last-child,.stk-a0341fa .stk--svg-wrapper .stk--inner-svg svg:last-child :is(g,path,rect,polygon,ellipse){fill:#dddddd !important}<\/style><span class=\"stk--svg-wrapper\"><div class=\"stk--inner-svg\"><svg style=\"height:0;width:0\"><defs><lineargradient id=\"linear-gradient-a0341fa\" x1=\"0\" x2=\"100%\" y1=\"0\" y2=\"0\"><stop offset=\"0%\" style=\"stop-opacity:1;stop-color:var(--linear-gradient-a-0341-fa-color-1)\"><\/stop><stop offset=\"100%\" style=\"stop-opacity:1;stop-color:var(--linear-gradient-a-0341-fa-color-2)\"><\/stop><\/lineargradient><\/defs><\/svg><svg class=\"ugb-custom-icon\" version=\"1.1\" id=\"Layer_1\" xmlns=\"http:\/\/www.w3.org\/2000\/svg\" xmlns:xlink=\"http:\/\/www.w3.org\/1999\/xlink\" x=\"0px\" y=\"0px\" viewbox=\"0 0 503.607 503.607\" style=\"enable-background:new 0 0 503.607 503.607;\" xml:space=\"preserve\" aria-hidden=\"true\" width=\"32\" height=\"32\">\n<g transform=\"translate(1 1)\">\n\t\t<path d=\"M477.426,416.993c-50.095-26.565-88.52-41.461-122.727-47.172l3.54-4.867c1.679-1.679,2.518-4.197,1.679-6.715\t\t\tl-7.866-31.463c20.804-29.41,33.046-66.178,33.046-101.153v-33.574h8.393h16.787c5.036,0,8.393-3.357,8.393-8.393\t\t\ts-3.357-8.393-8.393-8.393h-8.393v-8.393c0-66.308-43.646-122.544-109.115-141.01V24.18c0-13.43-10.911-25.18-25.18-25.18h-33.574\t\t\tc-13.43,0-25.18,10.911-25.18,25.18v1.679c-65.469,18.466-109.115,74.702-109.115,141.01v8.393h-8.393\t\t\tc-5.036,0-8.393,3.357-8.393,8.393s3.357,8.393,8.393,8.393h16.787h8.393v33.574c0,34.975,12.242,71.743,33.046,101.154\t\t\tl-7.866,31.463c0,1.679,0,5.036,1.679,6.715l3.54,4.867c-34.206,5.712-72.632,20.607-122.727,47.172\t\t\tC8.233,424.548-1,440.495-1,458.121v36.092c0,5.036,3.357,8.393,8.393,8.393h201.443h3.357h77.22h3.357h201.443\t\t\tc5.036,0,8.393-3.357,8.393-8.393v-36.092C502.607,441.334,492.534,425.387,477.426,416.993z M245.77,409.224l5.081-11.432\t\t\tl12.545,27.6l8.205,18.46h-40.941L245.77,409.224z M224.28,460.639h52.983l4.796,25.18h-62.815L224.28,460.639z M338.934,343.131\t\t\tl3.357,15.108l-8.574,11.773c-0.547,0.447-1.053,0.989-1.498,1.656l-34.912,48.34l-11.078,15.211l-22.628-50.913\t\t\tc27.048-3.299,51.193-16.877,70.694-36.39c0.216-0.214,0.433-0.426,0.648-0.642c0.052-0.053,0.104-0.106,0.156-0.159\t\t\tC336.392,345.818,337.671,344.492,338.934,343.131z M327.999,60.389c0.932,0.62,1.856,1.25,2.77,1.892\t\t\tc10.699,7.973,20.575,17.313,28.31,27.368l-38.61,7.554L327.999,60.389z M181.138,97.203l-38.61-7.554\t\t\tc7.735-10.056,17.612-19.396,28.311-27.369c0.913-0.641,1.837-1.271,2.769-1.891L181.138,97.203z M116.508,166.869\t\t\tc0-22.335,5.623-43.406,15.8-61.82l58.063,11.46c0.839,0,0.839,0,1.679,0c2.518,0,4.197-0.839,6.715-1.679\t\t\tc2.518-1.679,3.357-5.036,2.518-7.554l-11.523-56.08c6.069-2.92,12.438-5.428,19.077-7.49v22.442c0,5.036,3.357,8.393,8.393,8.393\t\t\ts8.393-3.357,8.393-8.393V32.574V24.18c0-4.197,3.357-8.393,8.393-8.393h33.574c4.197,0,8.393,3.357,8.393,8.393v8.393v33.574\t\t\tc0,5.036,3.357,8.393,8.393,8.393c5.036,0,8.393-3.357,8.393-8.393V43.706c6.86,2.13,13.435,4.734,19.685,7.779l-11.291,54.952\t\t\tc0,2.518,0.839,5.875,2.518,7.554s3.357,2.518,5.875,2.518c0.839,0,0.839,0,1.679,0l57.687-12.145\t\t\tc10.416,18.576,16.175,39.894,16.175,62.505v8.393h-8.393H124.902h-8.393V166.869z M133.295,192.049h235.016v33.574\t\t\tc0,36.599-12.555,69.122-31.405,93.843l-0.49,0.163c-0.839,0.839-1.679,1.679-2.518,2.518c-4.223,5.631-8.68,10.765-13.337,15.394\t\t\tc-19.763,18.412-43.336,29.564-66.05,30.669c-1.143-0.491-2.425-0.738-3.708-0.738c-1.29,0-2.453,0.253-3.496,0.749\t\t\tc-13.904-0.638-28.134-5.045-41.623-12.584c-13.665-7.851-26.52-19.169-37.977-33.49c-0.839-0.839-1.679-1.679-2.518-2.518\t\t\tl-0.49-0.163c-18.85-24.722-31.405-57.245-31.405-93.843V192.049z M238.005,384.308l-22.628,50.913l-11.078-15.211l-34.912-48.34\t\t\tc-0.267-0.267-0.563-0.532-0.869-0.793l-9.203-12.637l3.357-15.108c1.138,1.225,2.292,2.419,3.457,3.594\t\t\tC185.833,366.877,210.408,380.942,238.005,384.308z M15.787,458.121c0-10.911,5.875-20.984,15.948-26.02\t\t\tc53.501-28.423,92.015-42.688,126.323-46.949l50.088,68.87l-6.359,31.796H15.787V458.121z M485.82,485.82H299.821l-6.359-31.796\t\t\tl50.63-69.616c34.188,5.159,73.391,19.413,125.78,46.855c10.072,5.875,15.948,15.948,15.948,26.859V485.82z\"><\/path>\n\t<\/g>\n\n\n\n\n\n\n\n\n\n\n\n\n\n\n<\/svg><\/div><\/span><\/div>\n\n\n\n<h2 class=\"has-text-align-center has-text-color\" id=\"gce-ocean-technology\" style=\"color:#dddddd;font-style:normal;font-weight:600\">GCE Ocean<br> Technology<\/h2>\n\n\n\n<p class=\"has-text-align-center has-text-color\" style=\"color:#dddddd\"><a href=\"https:\/\/bsa.as\/wp-content\/uploads\/2021\/12\/bb784dd631-1-scaled.jpg\" target=\"_blank\" rel=\"noreferrer noopener\"><span style=\"color: #dddddd;\" class=\"stk-highlight\">Se v\u00e5rt GCE Ocean <br>Technology sertifikat<\/span><\/a><\/p>\n\n\n\n<div style=\"height:20px\" aria-hidden=\"true\" class=\"wp-block-spacer\"><\/div>\n<\/div>\n\n\n\n<div class=\"wp-container-5 wp-block-column\">\n<div style=\"height:20px\" aria-hidden=\"true\" class=\"wp-block-spacer\"><\/div>\n\n\n\n<div class=\"wp-block-stackable-icon stk-block-icon has-text-align-center stk-block stk-449dceb\" data-block-id=\"449dceb\"><style>.stk-449dceb .stk--svg-wrapper .stk--inner-svg svg:last-child{height:50px !important;width:50px !important}.stk-449dceb .stk--svg-wrapper .stk--inner-svg svg:last-child,.stk-449dceb .stk--svg-wrapper .stk--inner-svg svg:last-child :is(g,path,rect,polygon,ellipse){fill:#dddddd !important}<\/style><span class=\"stk--svg-wrapper\"><div class=\"stk--inner-svg\"><svg style=\"height:0;width:0\"><defs><lineargradient id=\"linear-gradient-449dceb\" x1=\"0\" x2=\"100%\" y1=\"0\" y2=\"0\"><stop offset=\"0%\" style=\"stop-opacity:1;stop-color:var(--linear-gradient-449-dceb-color-1)\"><\/stop><stop offset=\"100%\" style=\"stop-opacity:1;stop-color:var(--linear-gradient-449-dceb-color-2)\"><\/stop><\/lineargradient><\/defs><\/svg><svg class=\"ugb-custom-icon\" width=\"32\" height=\"32\" viewbox=\"0 0 512 512\" xmlns=\"http:\/\/www.w3.org\/2000\/svg\" aria-hidden=\"true\"><path fill=\"#000\" d=\"M180.102 32v23H148.82l-10.666 128h18.063l4.056-48.686 39.237 25.112L156.783 183h9.319v22.742l33.365 17.219-33.365 13.346V247h21.732l38.213-15.285L227.32 247h18.063l-16-192h-31.281V32h-18zm-13.895 41h46.613l.993 11.9L166.207 73zm205.895 14v64h16.459l79.54-26.514V368h18V87h-114zm-208.217 3.973l37.277 9.32-39.764 20.523 2.487-29.843zM326.102 105v46h30v-46h-30zm84.724 0h57.276v.514l-37.67 12.556L410.826 105zm-20.724 7.816l18.695 12.463-18.695 6.233v-18.696zm-173.963.002l3.158 37.9-34.193-21.882 31.035-16.018zm4.619 55.444l3.957 47.474-46.502-24 42.545-23.474zm89.344.738v46h110v-46h-110zm-240 32v46h78v-46h-78zm15 14h32v18h-32v-18zm257 18v14h46v-14h-46zm-304 32v46h398v-46h-398zm2.5 64l43.5 58v-30l-21-28h-22.5zm61.5 0v126.576c-3.1-.362-6.122-.576-9-.576-13.178 0-29.267 4.285-42.848 8.385s-24.356 8.205-24.356 8.205l6.407 16.82s10.23-3.894 23.152-7.795c12.922-3.9 28.832-7.615 37.645-7.615 8.812 0 24.722 3.715 37.644 7.615 12.922 3.9 23.152 7.795 23.152 7.795l3.204 1.22 3.203-1.22s10.23-3.894 23.152-7.795c12.922-3.9 28.832-7.615 37.645-7.615 8.812 0 24.722 3.715 37.644 7.615 12.922 3.9 23.152 7.795 23.152 7.795l3.204 1.22 3.203-1.22s10.23-3.894 23.152-7.795c12.922-3.9 28.832-7.615 37.645-7.615 8.812 0 24.722 3.715 37.644 7.615 12.922 3.9 23.152 7.795 23.152 7.795l2.643 1.008 66.744-16.688-4.367-17.46-61.336 15.334c-3.107-1.152-10.661-3.907-21.633-7.22-11.256-3.397-24.23-6.915-35.847-8.023V329h-30v129.053c-6.795 1.53-13.588 3.442-19.848 5.332-10.511 3.173-17.698 5.77-21.152 7.045-3.455-1.274-10.641-3.872-21.153-7.045-13.58-4.1-29.67-8.385-42.847-8.385-7.104 0-15.054 1.263-23 3.053V329h-18v133.838c-.613.182-1.245.365-1.848.547-10.511 3.173-17.698 5.77-21.152 7.045-3.455-1.274-10.641-3.872-21.153-7.045-1.256-.38-2.553-.758-3.847-1.137V329h-30zm162.5 0l43.5 58v-30l-21-28h-22.5zm130.5 0l-21 28v30l43.5-58h-22.5z\"><\/path><\/svg><\/div><\/span><\/div>\n\n\n\n<h2 class=\"has-text-align-center has-text-color\" id=\"certificate-of-qualification\" style=\"color:#dddddd;font-style:normal;font-weight:600\">Kvalifikasjons- <br>bevis<\/h2>\n\n\n\n<p class=\"has-text-align-center has-text-color\" style=\"color:#dddddd\"><a href=\"https:\/\/bsa.as\/wp-content\/uploads\/2023\/06\/Magnetjqs2023.pdf\" target=\"_blank\" data-type=\"URL\" data-id=\"https:\/\/bsa.as\/wp-content\/uploads\/2023\/06\/Magnetjqs2023.pdf\" rel=\"noreferrer noopener\"><span style=\"color: #dddddd;\" class=\"stk-highlight\">Se v\u00e5rt Joint Qualification <br>System sertifikat <\/span><\/a><\/p>\n\n\n\n<div style=\"height:20px\" aria-hidden=\"true\" class=\"wp-block-spacer\"><\/div>\n<\/div>\n\n\n\n<div class=\"wp-container-6 wp-block-column\">\n<div style=\"height:20px\" aria-hidden=\"true\" class=\"wp-block-spacer\"><\/div>\n\n\n\n<div class=\"wp-block-stackable-icon stk-block-icon has-text-align-center stk-block stk-d46ca50\" data-block-id=\"d46ca50\"><style>.stk-d46ca50{margin-bottom:17px !important}.stk-d46ca50 .stk--svg-wrapper .stk--inner-svg svg:last-child{height:50px !important;width:50px !important}.stk-d46ca50 .stk--svg-wrapper .stk--inner-svg svg:last-child,.stk-d46ca50 .stk--svg-wrapper .stk--inner-svg svg:last-child :is(g,path,rect,polygon,ellipse){fill:#dddddd !important}<\/style><span class=\"stk--svg-wrapper\"><div class=\"stk--inner-svg\"><svg style=\"height:0;width:0\"><defs><lineargradient id=\"linear-gradient-d46ca50\" x1=\"0\" x2=\"100%\" y1=\"0\" y2=\"0\"><stop offset=\"0%\" style=\"stop-opacity:1;stop-color:var(--linear-gradient-d-46-ca-50-color-1)\"><\/stop><stop offset=\"100%\" style=\"stop-opacity:1;stop-color:var(--linear-gradient-d-46-ca-50-color-2)\"><\/stop><\/lineargradient><\/defs><\/svg><svg class=\"ugb-custom-icon\" version=\"1.1\" id=\"Layer_1\" xmlns=\"http:\/\/www.w3.org\/2000\/svg\" xmlns:xlink=\"http:\/\/www.w3.org\/1999\/xlink\" x=\"0px\" y=\"0px\" viewbox=\"0 0 512.011 512.011\" style=\"enable-background:new 0 0 512.011 512.011;\" xml:space=\"preserve\" aria-hidden=\"true\" width=\"32\" height=\"32\">\n<g transform=\"translate(-1)\">\n\t\t\t<path d=\"M413.889,128.986c2.185,0,4.369-0.836,6.033-2.5l6.033-6.033c3.337-3.337,3.337-8.73,0-12.066\t\t\t\tc-3.337-3.336-8.73-3.336-12.066,0l-6.033,6.033c-3.337,3.337-3.337,8.73,0,12.066\t\t\t\tC409.52,128.15,411.705,128.986,413.889,128.986z\"><\/path>\n\t\t\t<path d=\"M257.005,46.937c4.719,0,8.533-3.823,8.533-8.533V29.87c0-4.71-3.814-8.533-8.533-8.533s-8.533,3.823-8.533,8.533v8.533\t\t\t\tC248.472,43.114,252.287,46.937,257.005,46.937z\"><\/path>\n\t\t\t<path d=\"M94.089,126.486c1.664,1.664,3.849,2.5,6.033,2.5c2.185,0,4.369-0.836,6.033-2.5c3.337-3.337,3.337-8.73,0-12.066\t\t\t\tl-6.033-6.033c-3.337-3.336-8.73-3.336-12.066,0c-3.337,3.337-3.337,8.73,0,12.066L94.089,126.486z\"><\/path>\n\t\t\t<path d=\"M9.539,285.87h93.869h307.2h93.864c4.719,0,8.533-3.823,8.533-8.533c0-4.71-3.814-8.533-8.533-8.533h-85.555\t\t\t\tc-1.995-38.289-17.339-73.099-41.449-99.865l18.32-18.313c3.337-3.328,3.337-8.738,0-12.066c-3.328-3.337-8.73-3.337-12.066,0\t\t\t\tl-18.32,18.313c-26.767-24.109-61.577-39.45-99.863-41.445V72.537c0-4.71-3.814-8.533-8.533-8.533s-8.533,3.823-8.533,8.533\t\t\t\tv42.891c-38.287,1.995-73.096,17.337-99.862,41.446l-18.321-18.314c-3.336-3.337-8.738-3.337-12.066,0\t\t\t\tc-3.337,3.328-3.337,8.738,0,12.066l18.321,18.314c-24.109,26.766-39.45,61.576-41.445,99.864H9.539\t\t\t\tc-4.719,0-8.533,3.823-8.533,8.533C1.005,282.047,4.82,285.87,9.539,285.87z M257.008,132.27\t\t\t\tc77.124,0,140.382,60.501,144.811,136.533h-289.63C116.626,192.771,179.884,132.27,257.008,132.27z\"><\/path>\n\t\t\t<path d=\"M508.287,320.899l-18.807-9.404c-11.904-5.956-25.847-6.536-38.212-1.587l-10.854,4.343\t\t\t\tc-7.876,3.14-16.708,2.765-24.235-1.007l-1.741-0.87c-4.233-2.125-9.344-0.41-11.46,3.797c-2.116,4.207-0.41,9.336,3.797,11.452\t\t\t\tl1.758,0.887c11.904,5.956,25.847,6.537,38.212,1.587l10.854-4.343c7.851-3.14,16.683-2.773,24.252,1.007l18.807,9.412\t\t\t\tc1.22,0.606,2.526,0.896,3.806,0.896c3.132,0,6.144-1.724,7.646-4.719C514.217,328.136,512.502,323.016,508.287,320.899z\"><\/path>\n\t\t\t<path d=\"M304.383,312.376c-8.286,4.147-18.202,4.147-26.505-0.009c-13.073-6.537-28.698-6.528-41.754,0\t\t\t\tc-4.215,2.108-5.931,7.236-3.823,11.452c2.116,4.216,7.236,5.922,11.452,3.814c8.286-4.147,18.202-4.147,26.505,0.009\t\t\t\tc6.528,3.268,13.696,4.898,20.872,4.898s14.353-1.638,20.898-4.907c8.286-4.156,18.193-4.147,26.496,0\t\t\t\tc4.215,2.108,9.335,0.393,11.452-3.823c2.108-4.215,0.393-9.344-3.823-11.443C333.072,305.831,317.464,305.84,304.383,312.376z\"><\/path>\n\t\t\t<path d=\"M9.539,337.074c1.058,0,2.133-0.196,3.166-0.614l26.76-10.701c7.842-3.149,16.683-2.773,24.252,1.007l1.741,0.87\t\t\t\tc13.073,6.537,28.681,6.537,41.771,0c8.286-4.156,18.193-4.147,26.496,0c13.073,6.537,28.681,6.537,41.771,0\t\t\t\tc4.215-2.116,5.922-7.236,3.814-11.452c-2.116-4.207-7.236-5.914-11.46-3.814c-8.286,4.147-18.193,4.147-26.496,0\t\t\t\tc-13.073-6.528-28.68-6.545-41.771,0c-8.286,4.156-18.193,4.147-26.496,0l-1.741-0.87c-11.904-5.965-25.856-6.537-38.212-1.587\t\t\t\tl-26.76,10.701c-4.378,1.749-6.511,6.716-4.762,11.093C2.951,335.043,6.16,337.074,9.539,337.074z\"><\/path>\n\t\t\t<path d=\"M408.533,379.709c6.545,3.277,13.705,4.924,20.881,4.924c5.871,0,11.767-1.109,17.331-3.336l10.854-4.344\t\t\t\tc4.369-1.749,6.502-6.716,4.753-11.093c-1.749-4.378-6.758-6.502-11.085-4.745l-10.854,4.335\t\t\t\tc-7.876,3.149-16.708,2.773-24.235-0.998l-1.758-0.887c-13.09-6.537-28.698-6.528-41.771,0.009\t\t\t\tc-8.286,4.156-18.193,4.147-26.496,0l-7.62,15.266c13.065,6.537,28.681,6.537,41.762-0.009\t\t\t\tc8.294-4.147,18.202-4.147,26.479-0.008L408.533,379.709z\"><\/path>\n\t\t\t<path d=\"M247.576,367.382c-2.116-4.215-7.236-5.914-11.452-3.814c-8.311,4.156-18.202,4.156-26.513,0\t\t\t\tc-13.073-6.537-28.689-6.537-41.762,0.009c-8.286,4.139-18.193,4.147-26.496-0.009c-4.215-2.099-9.327-0.401-11.452,3.814\t\t\t\tc-2.108,4.224-0.393,9.344,3.823,11.452c13.073,6.537,28.681,6.537,41.771,0c8.286-4.156,18.185-4.156,26.505,0.009\t\t\t\tc6.537,3.268,13.705,4.898,20.873,4.898c7.177,0,14.344-1.638,20.881-4.907C247.969,376.726,249.684,371.606,247.576,367.382z\"><\/path>\n\t\t\t<path d=\"M9.539,388.274c1.058,0,2.133-0.196,3.166-0.614l26.76-10.701c7.842-3.149,16.683-2.773,24.252,1.007l1.741,0.87\t\t\t\tc4.207,2.108,9.335,0.401,11.452-3.814c2.108-4.215,0.393-9.344-3.823-11.452l-1.741-0.87\t\t\t\tc-11.904-5.965-25.856-6.536-38.212-1.587l-26.76,10.701c-4.378,1.749-6.511,6.716-4.762,11.093\t\t\t\tC2.951,386.243,6.16,388.274,9.539,388.274z\"><\/path>\n\t\t\t<path d=\"M508.287,423.299l-18.807-9.404c-11.904-5.956-25.847-6.536-38.212-1.587l-10.854,4.343\t\t\t\tc-7.876,3.14-16.708,2.773-24.235-1.007l-1.741-0.87c-4.233-2.116-9.344-0.41-11.46,3.797c-2.116,4.207-0.41,9.335,3.797,11.452\t\t\t\tl1.758,0.887c11.904,5.956,25.847,6.536,38.212,1.587l10.854-4.343c7.851-3.149,16.683-2.773,24.252,1.007l18.807,9.412\t\t\t\tc1.22,0.606,2.526,0.896,3.806,0.896c3.132,0,6.144-1.724,7.646-4.719C514.217,430.536,512.502,425.416,508.287,423.299z\"><\/path>\n\t\t\t<path d=\"M291.13,434.941c7.177,0,14.353-1.638,20.898-4.907c4.215-2.108,5.922-7.228,3.814-11.452\t\t\t\tc-2.108-4.215-7.245-5.922-11.46-3.806c-8.286,4.147-18.202,4.147-26.505-0.009c-13.073-6.537-28.698-6.528-41.754,0\t\t\t\tc-4.215,2.108-5.931,7.236-3.823,11.452c2.116,4.224,7.236,5.931,11.452,3.814c8.286-4.147,18.202-4.147,26.505,0.009\t\t\t\tC276.786,433.311,283.954,434.941,291.13,434.941z\"><\/path>\n\t\t\t<path d=\"M145.176,426.219c2.108-4.215,0.393-9.344-3.823-11.452c-13.073-6.528-28.68-6.537-41.771,0.009\t\t\t\tc-8.286,4.147-18.193,4.147-26.496-0.009l-1.741-0.87c-11.904-5.965-25.856-6.536-38.212-1.587\t\t\t\tc-4.378,1.749-6.511,6.716-4.762,11.085c1.749,4.386,6.75,6.485,11.093,4.762c7.842-3.157,16.683-2.782,24.252,1.007l1.741,0.87\t\t\t\tc6.537,3.268,13.705,4.907,20.881,4.907c7.168,0,14.353-1.638,20.89-4.907c8.286-4.156,18.193-4.147,26.496,0\t\t\t\tC137.94,432.15,143.051,430.443,145.176,426.219z\"><\/path>\n\t\t\t<path d=\"M508.287,474.499l-18.807-9.404c-11.904-5.956-25.847-6.537-38.212-1.587l-10.854,4.344\t\t\t\tc-7.859,3.14-16.691,2.765-24.252-1.007c-4.215-2.116-9.327-0.401-11.443,3.814c-2.116,4.215-0.401,9.344,3.814,11.452\t\t\t\tc11.904,5.956,25.847,6.536,38.212,1.587l10.854-4.343c7.851-3.149,16.683-2.782,24.252,1.007l18.807,9.412\t\t\t\tc1.22,0.606,2.526,0.896,3.806,0.896c3.132,0,6.144-1.724,7.646-4.719C514.217,481.736,512.502,476.616,508.287,474.499z\"><\/path>\n\t\t\t<path d=\"M346.153,465.968c-13.082-6.537-28.689-6.528-41.771,0.009c-8.286,4.147-18.202,4.147-26.505-0.009\t\t\t\tc-4.198-2.099-9.327-0.401-11.443,3.823c-2.108,4.216-0.393,9.344,3.823,11.452c6.528,3.268,13.696,4.898,20.872,4.898\t\t\t\ts14.353-1.638,20.898-4.907c8.286-4.156,18.193-4.147,26.496,0c4.215,2.108,9.335,0.401,11.452-3.823\t\t\t\tC352.084,473.195,350.369,468.067,346.153,465.968z\"><\/path>\n\t\t\t<path d=\"M209.611,465.963c-13.073-6.536-28.689-6.536-41.762,0.009c-8.286,4.147-18.193,4.147-26.496,0\t\t\t\tc-4.215-2.108-9.335-0.401-11.452,3.814c-2.108,4.215-0.393,9.344,3.823,11.452c6.528,3.268,13.705,4.898,20.873,4.898\t\t\t\tc7.177,0,14.353-1.63,20.898-4.907c8.286-4.147,18.185-4.147,26.505,0.009c4.207,2.108,9.318,0.401,11.443-3.814\t\t\t\tC215.551,473.2,213.827,468.071,209.611,465.963z\"><\/path>\n\t\t\t<path d=\"M73.087,465.97l-1.741-0.87c-11.904-5.965-25.856-6.537-38.212-1.587l-26.76,10.701\t\t\t\tc-4.378,1.749-6.511,6.716-4.762,11.093c1.34,3.337,4.548,5.367,7.927,5.367c1.058,0,2.133-0.196,3.166-0.614l26.76-10.701\t\t\t\tc7.842-3.149,16.683-2.782,24.252,1.007l1.741,0.87c4.207,2.108,9.335,0.401,11.452-3.814\t\t\t\tC79.017,473.207,77.302,468.078,73.087,465.97z\"><\/path>\n\t\t<\/g>\n\n\n\n\n\n\n\n\n\n\n\n\n\n\n<\/svg><\/div><\/span><\/div>\n\n\n\n<h2 class=\"has-text-align-center has-text-color\" id=\"supplier-member-of-imca\" style=\"color:#dddddd;font-style:normal;font-weight:600\">Leverand\u00f8rmedlem <br>av IMCA<\/h2>\n\n\n\n<p class=\"has-text-align-center has-text-color\" style=\"color:#dddddd\"><a href=\"https:\/\/bsa.as\/wp-content\/uploads\/2023\/02\/IMCA-MembershipCertificate-2023.pdf\" target=\"_blank\" rel=\"noreferrer noopener\"><span style=\"color: #dddddd;\" class=\"stk-highlight\">See<\/span> <span style=\"color: #dddddd;\" class=\"stk-highlight\">our International Marine<br>Contractors Association sertifikat<\/span><\/a><\/p>\n\n\n\n<div style=\"height:20px\" aria-hidden=\"true\" class=\"wp-block-spacer\"><\/div>\n<\/div>\n<\/div>\n\n\n\n<div style=\"height:70px\" aria-hidden=\"true\" class=\"wp-block-spacer\"><\/div>\n\n\n\n<div class=\"wp-container-9 wp-block-columns\">\n<div class=\"wp-container-8 wp-block-column\" style=\"flex-basis:66.66%\">\n<p style=\"font-size:14px;font-style:normal;font-weight:100;text-transform:uppercase\">BSA Offshore har Achilles sertifikat<\/p>\n\n\n\n<p class=\"has-medium-font-size\" style=\"font-style:normal;font-weight:600\">BSA Offshore er forpliktet til \u00e5 utvikle en sikkerhetskultur for selskapet. Les v\u00e5r sikkerhetserkl\u00e6ring:<\/p>\n\n\n\n<p><em>Styret i BSA Offshore, og jeg som administrerende direkt\u00f8r, ser etter, og krever, de aller h\u00f8yeste sikkerhetsstandardene i alle v\u00e5re operasjoner, b\u00e5de offshore og onshore. Vi m\u00e5 aldri skade noen og ingenting er s\u00e5 viktig at det ikke kan gj\u00f8res trygt.\nSikkerhet er virkelig v\u00e5r f\u00f8rsteprioritet i alle v\u00e5re aktiviteter, hver dag, overalt og for alle. Dette m\u00e5 ikke bare demonstreres av det vi sier, men viktigst av alt - det vi gj\u00f8r og hvordan vi gj\u00f8r det.\nSom administrerende direkt\u00f8r vil jeg forsikre dere alle om at sikkerhet alltid vil v\u00e6re v\u00e5r h\u00f8yeste prioritet, og jeg trenger og s\u00f8ker permanent st\u00f8tte fra deg for \u00e5 gj\u00f8re BSA Offshore til et trygt sted \u00e5 jobbe.<\/em><\/p>\n\n\n\n<p class=\"has-normal-font-size\" style=\"font-style:normal;font-weight:600\">&#8211; <em>Jan Richard Finne, CEO<\/em><\/p>\n<\/div>\n<\/div>\n\n\n\n<div style=\"height:70px\" aria-hidden=\"true\" class=\"wp-block-spacer\"><\/div>","protected":false},"excerpt":{"rendered":"<p>safety first BSA Offshore is a young dynamic company that is committed to building on an already established record for delivering quality client service. We believe that safety is an integral part of quality. GCE Ocean Technology See our GCE Ocean Technology certificate Certificate of Qualification See our Joint Qualification System certificate Supplier Member of &hellip;<\/p>\n<p class=\"read-more\"> <a class=\"\" href=\"https:\/\/bsa.as\/nb\/certifications\/\"> <span class=\"screen-reader-text\">Sertifiseringer<\/span> Les mer &raquo;<\/a><\/p>","protected":false},"author":7,"featured_media":0,"parent":0,"menu_order":0,"comment_status":"closed","ping_status":"closed","template":"","meta":{"_eb_attr":""},"featured_image_urls":{"full":"","thumbnail":"","medium":"","medium_large":"","large":"","1536x1536":"","2048x2048":"","trp-custom-language-flag":""},"post_excerpt_stackable":"<p>certifications safety first BSA Offshore is a young dynamic company that is committed to building on an already established record for delivering quality client service. We believe that safety is an integral part of quality. Services GCE Ocean Technology See our GCE Ocean Technology certificate Certificate of Qualification See our Joint Qualification System certificate Supplier Member of IMCA See our International MarineContractors Association certificate BSA Offshore has an Achilles certificate. BSA Offshore is committed to developing a company safety culture. Read our CEO safety statement: &#8220;The Board of Directors of BSA Offshore, and myself as the CEO, look for, and&hellip;<\/p>\n","category_list":"","author_info":{"name":"chaess","url":"https:\/\/bsa.as\/nb\/author\/chaess\/"},"comments_num":"0 kommentarer","featured_image_urls_v2":{"full":"","thumbnail":"","medium":"","medium_large":"","large":"","1536x1536":"","2048x2048":"","trp-custom-language-flag":""},"post_excerpt_stackable_v2":"<p>certifications safety first BSA Offshore is a young dynamic company that is committed to building on an already established record for delivering quality client service. We believe that safety is an integral part of quality. Services GCE Ocean Technology See our GCE Ocean Technology certificate Certificate of Qualification See our Joint Qualification System certificate Supplier Member of IMCA See our International MarineContractors Association certificate BSA Offshore has an Achilles certificate. BSA Offshore is committed to developing a company safety culture. Read our CEO safety statement: &#8220;The Board of Directors of BSA Offshore, and myself as the CEO, look for, and&hellip;<\/p>\n","category_list_v2":"","author_info_v2":{"name":"chaess","url":"https:\/\/bsa.as\/nb\/author\/chaess\/"},"comments_num_v2":"0 kommentarer","_links":{"self":[{"href":"https:\/\/bsa.as\/nb\/wp-json\/wp\/v2\/pages\/1851"}],"collection":[{"href":"https:\/\/bsa.as\/nb\/wp-json\/wp\/v2\/pages"}],"about":[{"href":"https:\/\/bsa.as\/nb\/wp-json\/wp\/v2\/types\/page"}],"author":[{"embeddable":true,"href":"https:\/\/bsa.as\/nb\/wp-json\/wp\/v2\/users\/7"}],"replies":[{"embeddable":true,"href":"https:\/\/bsa.as\/nb\/wp-json\/wp\/v2\/comments?post=1851"}],"version-history":[{"count":15,"href":"https:\/\/bsa.as\/nb\/wp-json\/wp\/v2\/pages\/1851\/revisions"}],"predecessor-version":[{"id":2442,"href":"https:\/\/bsa.as\/nb\/wp-json\/wp\/v2\/pages\/1851\/revisions\/2442"}],"wp:attachment":[{"href":"https:\/\/bsa.as\/nb\/wp-json\/wp\/v2\/media?parent=1851"}],"curies":[{"name":"wp","href":"https:\/\/api.w.org\/{rel}","templated":true}]}}