{"id":3,"date":"2020-03-18T16:03:20","date_gmt":"2020-03-18T16:03:20","guid":{"rendered":"https:\/\/bsa.as\/?page_id=3"},"modified":"2020-11-19T12:21:57","modified_gmt":"2020-11-19T11:21:57","slug":"personvern","status":"publish","type":"page","link":"https:\/\/bsa.as\/nb\/personvern\/","title":{"rendered":"Personvern"},"content":{"rendered":"<div style=\"height:50px\" aria-hidden=\"true\" class=\"wp-block-spacer\"><\/div>\n\n\n\n<h1>Vi bruker informasjonskapsler for \u00e5 gi deg en s\u00e5 god brukeropplevelse som mulig.<\/h1>\n\n\n\n<p>P\u00e5 dette nettstedet logger vi anonym informasjon om alle bes\u00f8kende. Vi bruker cookies hovedsakelig for trafikkm\u00e5ling og optimalisering av innhold og brukeropplevelse. Denne informasjonen kan ikke spores tilbake til deg som enkeltperson.<\/p>\n\n\n\n<div class=\"cli_user_consent_state\">Din n\u00e5v\u00e6rende tilstand: Ingen samtykke gitt. <a class=\"cli_manage_current_consent\" style=\"cursor:pointer;text-decoration:underline;\">Administrer ditt samtykke.<\/a> <\/div>\n\n\n\n<h2><strong><br>Informasjonskapsler \u2013 hva det er og hvordan det fungerer<\/strong><\/h2>\n\n\n\n<p>Informasjonskapsler \u2013 eller cookies \u2013 er noe de aller fleste nettsider benytter seg av i dag. En informasjonskapsel er en liten tekstfil som legges i din nettlesers internminne og gj\u00f8r at vi kan se hva du trykker p\u00e5, hvordan du navigerer p\u00e5 nettsiden samt hvordan innholdet p\u00e5 nettsiden presterer. Videre samler vi blant annet inn informasjon om navigasjon, tid for bes\u00f8k, hvilken nettleser du bruker og s\u00e5 videre. Dette gj\u00f8r vi slik at vi best mulig kan tilpasse innholdet p\u00e5 nettstedet til deg som bruker. De fleste nettlesere (Google Chrome, Firefox, Internet Explorer, Safari, osv.) er stilt inn til \u00e5 akseptere informasjonskapsler automatisk, men du kan selv velge \u00e5 endre innstillingene slik at informasjonskapslene ikke blir akseptert.<br>Vi gj\u00f8r oppmerksom p\u00e5 at dette kan medf\u00f8re at sv\u00e6rt mange nettsider ikke lenger vil fungere som de skal.<\/p>\n\n\n\n<h2 id=\"2\"><strong><br>Hva vi bruker informasjonskapsler til<\/strong><\/h2>\n\n\n\n<h3><strong>Google Analytics<\/strong><\/h3>\n\n\n\n<p>Analyseverkt\u00f8yet Google Analytics benyttes for \u00e5 studere trafikk, bruksm\u00f8nstre og trender p\u00e5 nettstedet. Dataene som samles inn brukes for \u00e5 optimalisere brukeropplevelsen og tilpasse innholdet p\u00e5 nettsiden. I henhold til Googles retningslinjer for bruk av Google Analytics samles det ikke inn personlig identifiserbar informasjon om deg som bruker. Dataene som samles inn lagres p\u00e5 Googles tjenere. Dersom du vil reservere deg mot at Google Analytics samler inn data om deg kan du&nbsp;<a href=\"https:\/\/tools.google.com\/dlpage\/gaoptout\/\" target=\"_blank\" rel=\"noreferrer noopener\">be om \u00e5 bli ekskludert<\/a>.<\/p>\n\n\n\n<h3><strong>Google Tag Manager<\/strong><\/h3>\n\n\n\n<p>Google Tag Manager h\u00e5ndterer sporingskoder og refererer til sporingsoppsett og tracking til tredjepartsl\u00f8sninger som Universal Analytics (Google Analytics) og brukes til optimalisering av nettsiden og markedsf\u00f8ringstjenester. Alt av sporingskoder kj\u00f8res og h\u00e5ndteres via Google Tag Manager.<\/p>\n\n\n\n<p>Hva som lagres: Dine bevegelser og visse handlinger p\u00e5 nettstedet (f.eks. om du trykker p\u00e5 \u00abLegg i handlekurven\u00bb i en nettbutikk). All data er anonymisert og vi lagrer ingen sensitiv informasjon som: kredittkortopplysninger, telefonnummer, adresse eller annen form for data som kan identifisere deg som person.<\/p>\n\n\n\n<h3><strong>Facebook<\/strong>&nbsp;<strong>Pixel<\/strong><\/h3>\n\n\n\n<p>Facebook Pixel er et analyseverkt\u00f8y som lar oss m\u00e5le effektiviteten av annonsering fra Facebook ved \u00e5 spore handlingene brukeren utf\u00f8rer p\u00e5 nettstedet med tanke p\u00e5 optimalisering av Facebook Ads (bygge Audience og remarketing). Man kan bruke denne informasjonen til \u00e5:<\/p>\n\n\n\n<ul><li>S\u00f8rge for at annonser vises til de riktige personene<\/li><li>Bygge opp annonsepublikum<\/li><li>L\u00e5se opp ytterligere annonseringsverkt\u00f8y p\u00e5 Facebook<\/li><\/ul>\n\n\n\n<p>Hva som lagres: Hvilke annonser brukeren har sett p\u00e5 Facebook, Hvilke sider brukeren har bes\u00f8kt og hvilke konverteringer (bestilling, kontakt o.l.) brukeren har utf\u00f8rt.<\/p>\n\n\n\n<h3><strong>Hotjar<\/strong><\/h3>\n\n\n\n<p>Kartlegger interaksjonen brukeren har med nettstedet. For \u00e5 hjelpe oss \u00e5 forst\u00e5 hvordan bes\u00f8kende samhandler med nettstedet, registrerer Hotjar bes\u00f8kendes \u00f8kter. Hotjar-skriptet er en websocket-tilkobling som sender f\u00f8lgende informasjon til Hotjar sine tjenere:<\/p>\n\n\n\n<ul><li>HTML-endringer som skjer under brukerens \u00f8kt p\u00e5 nettstedet<\/li><li>Musebevegelser<\/li><li>Museklikk<\/li><li>Scrolle-bevegelser<\/li><li>Tastetrykk for hvitlistede handlinger<\/li><li>Statistikk for om visningsst\u00f8rrelsen for nettleseren endres<\/li><\/ul>\n\n\n\n<p>Hver hendelse som spores lagres i Hotjars sky-database ved hjelp av et tidsstempel som senere brukes til \u00e5 spille av hendelsene i sekvensiell rekkef\u00f8lge. Hotjar-skriptet sporer bes\u00f8kende n\u00e5r de bes\u00f8ker forskjellige sider ved hjelp av en f\u00f8rste-parti informasjonskapsel, slik at man kan spille av hele \u00f8kten i et enkelt opptak.&nbsp;Ingen sensitiv informasjon eller brukerinformasjon hentes eller lagres.<\/p>\n\n\n\n<h2 id=\"3\"><br><strong>Innhenting av informasjon<\/strong><\/h2>\n\n\n\n<p>Vi samler inn opplysninger gjennom skjemaer p\u00e5 v\u00e5re nettsider. Det er frivillig \u00e5 oppgi denne informasjonen. Hvis du velger \u00e5 ikke oppgi personopplysningene, kan vi v\u00e6re forhindret fra \u00e5 gi deg tilgang til produktet eller tjenesten.<\/p>\n\n\n\n<p>Eksempel p\u00e5 skjema:<\/p>\n\n\n\n<ul><li>Kontaktskjema<\/li><li>N\u00e5r man \u00f8nsker \u00e5 pr\u00f8ve et produkt eller tjeneste<\/li><li>Ved kj\u00f8p av produkter eller tjenester p\u00e5 en nettside<\/li><li>N\u00e5r man laster ned dokumenter som e-b\u00f8ker eller annet<\/li><li>Ved p\u00e5melding til \u00e5 motta nyhetsbrev eller blogg p\u00e5 e-post<\/li><li>Form\u00e5let med informasjonen som innhentes:<\/li><li>\u00c5 gi brukeren tilgang til v\u00e5re produkter og tjenester<\/li><li>\u00c5 sende relevant informasjon til brukeren<\/li><li>\u00c5 kunne ta kontakt for \u00e5 tilby produkter eller tjenester<\/li><\/ul>\n\n\n\n<h2 id=\"4\"><strong>Hvordan slette informasjonskapsler<\/strong><\/h2>\n\n\n\n<p>Normalt sett er de fleste nettlesere stilt inn til \u00e5 godta informasjonskapsler. Vi gj\u00f8r oppmerksom p\u00e5 at du kan slette disse ved \u00e5 f\u00f8lge instruksjonene for sletting av informasjonskapsler i din nettleser. Du finner informasjonen om dette i \u201cHjelp\u201d-funksjonen i nettleseren din.&nbsp;V\u00e6r oppmerksom p\u00e5 at \u00e5 begrense tilgangen til informasjonskapsler kan p\u00e5virke funksjonaliteten p\u00e5 nettstedet.<\/p>\n\n\n\n<p>Hvis du vil fjerne informasjonskapsler (cookies) fra datamaskinen, kan du bruke disse veiledningene:<\/p>\n\n\n\n<p><a rel=\"noreferrer noopener\" href=\"https:\/\/support.microsoft.com\/en-us\/kb\/278835#\/en-us\/kb\/278835\/\" target=\"_blank\">Internet Explorer<\/a><br><a rel=\"noreferrer noopener\" href=\"https:\/\/support.google.com\/chrome\/answer\/95647?hl=no\/\" target=\"_blank\">Chrome<\/a><br><a rel=\"noreferrer noopener\" href=\"https:\/\/support.apple.com\/kb\/PH17191?locale=no_NO\" target=\"_blank\">Safari<\/a><br><a rel=\"noreferrer noopener\" href=\"https:\/\/support.mozilla.org\/no\/kb\/delete-cookies-remove-info-websites-stored\" target=\"_blank\">Firefox<\/a><\/p>\n\n\n\n<div style=\"height:50px\" aria-hidden=\"true\" class=\"wp-block-spacer\"><\/div>","protected":false},"excerpt":{"rendered":"<p>Vi bruker informasjonskapsler for \u00e5 gi deg en s\u00e5 god brukeropplevelse som mulig. P\u00e5 dette nettstedet logger vi anonym informasjon om alle bes\u00f8kende. Vi bruker cookies hovedsakelig for trafikkm\u00e5ling og optimalisering av innhold og brukeropplevelse. Denne informasjonen kan ikke spores tilbake til deg som enkeltperson. Informasjonskapsler \u2013 hva det er og hvordan det fungerer Informasjonskapsler &hellip;<\/p>\n<p class=\"read-more\"> <a class=\"\" href=\"https:\/\/bsa.as\/nb\/personvern\/\"> <span class=\"screen-reader-text\">Personvern<\/span> Les mer &raquo;<\/a><\/p>","protected":false},"author":1,"featured_media":0,"parent":0,"menu_order":0,"comment_status":"closed","ping_status":"open","template":"","meta":{"_eb_attr":""},"featured_image_urls":{"full":"","thumbnail":"","medium":"","medium_large":"","large":"","1536x1536":"","2048x2048":"","trp-custom-language-flag":""},"post_excerpt_stackable":"<p>Vi bruker informasjonskapsler for \u00e5 gi deg en s\u00e5 god brukeropplevelse som mulig. P\u00e5 dette nettstedet logger vi anonym informasjon om alle bes\u00f8kende. Vi bruker cookies hovedsakelig for trafikkm\u00e5ling og optimalisering av innhold og brukeropplevelse. Denne informasjonen kan ikke spores tilbake til deg som enkeltperson. Din n\u00e5v\u00e6rende tilstand: Ingen samtykke gitt. Administrer ditt samtykke. Informasjonskapsler \u2013 hva det er og hvordan det fungerer Informasjonskapsler \u2013 eller cookies \u2013 er noe de aller fleste nettsider benytter seg av i dag. En informasjonskapsel er en liten tekstfil som legges i din nettlesers internminne og gj\u00f8r at vi kan se hva du trykker&hellip;<\/p>\n","category_list":"","author_info":{"name":"webmaster","url":"https:\/\/bsa.as\/nb\/author\/webmaster\/"},"comments_num":"0 kommentarer","featured_image_urls_v2":{"full":"","thumbnail":"","medium":"","medium_large":"","large":"","1536x1536":"","2048x2048":"","trp-custom-language-flag":""},"post_excerpt_stackable_v2":"<p>Vi bruker informasjonskapsler for \u00e5 gi deg en s\u00e5 god brukeropplevelse som mulig. P\u00e5 dette nettstedet logger vi anonym informasjon om alle bes\u00f8kende. Vi bruker cookies hovedsakelig for trafikkm\u00e5ling og optimalisering av innhold og brukeropplevelse. Denne informasjonen kan ikke spores tilbake til deg som enkeltperson. Din n\u00e5v\u00e6rende tilstand: Ingen samtykke gitt. Administrer ditt samtykke. Informasjonskapsler \u2013 hva det er og hvordan det fungerer Informasjonskapsler \u2013 eller cookies \u2013 er noe de aller fleste nettsider benytter seg av i dag. En informasjonskapsel er en liten tekstfil som legges i din nettlesers internminne og gj\u00f8r at vi kan se hva du trykker&hellip;<\/p>\n","category_list_v2":"","author_info_v2":{"name":"webmaster","url":"https:\/\/bsa.as\/nb\/author\/webmaster\/"},"comments_num_v2":"0 kommentarer","_links":{"self":[{"href":"https:\/\/bsa.as\/nb\/wp-json\/wp\/v2\/pages\/3"}],"collection":[{"href":"https:\/\/bsa.as\/nb\/wp-json\/wp\/v2\/pages"}],"about":[{"href":"https:\/\/bsa.as\/nb\/wp-json\/wp\/v2\/types\/page"}],"author":[{"embeddable":true,"href":"https:\/\/bsa.as\/nb\/wp-json\/wp\/v2\/users\/1"}],"replies":[{"embeddable":true,"href":"https:\/\/bsa.as\/nb\/wp-json\/wp\/v2\/comments?post=3"}],"version-history":[{"count":48,"href":"https:\/\/bsa.as\/nb\/wp-json\/wp\/v2\/pages\/3\/revisions"}],"predecessor-version":[{"id":1322,"href":"https:\/\/bsa.as\/nb\/wp-json\/wp\/v2\/pages\/3\/revisions\/1322"}],"wp:attachment":[{"href":"https:\/\/bsa.as\/nb\/wp-json\/wp\/v2\/media?parent=3"}],"curies":[{"name":"wp","href":"https:\/\/api.w.org\/{rel}","templated":true}]}}